{"id":633,"date":"2011-08-18T13:45:27","date_gmt":"2011-08-18T10:45:27","guid":{"rendered":"http:\/\/sammi.nettisivu.org\/sammin-kylayhdistys\/miljoonan-sentin-holkka\/"},"modified":"2024-12-13T13:10:14","modified_gmt":"2024-12-13T13:10:14","slug":"miljoonan-sentin-holkka","status":"publish","type":"page","link":"https:\/\/dev.halminen.net\/sammi\/sammin-kylayhdistys\/miljoonan-sentin-holkka\/","title":{"rendered":"Miljoonan sentin h\u00f6lkk\u00e4"},"content":{"rendered":"\n<p>Miljoonan sentin h\u00f6lkk\u00e4&nbsp; &#8211; tapahtumassa kierret\u00e4\u00e4n Sammin Lavasj\u00e4rvi (n. 10km) juosten, h\u00f6lk\u00e4ten, k\u00e4vellen, py\u00f6r\u00e4illen&#8230; <\/p>\n\n\n\n<p>H\u00f6lk\u00e4n aikana tapahtuu l\u00e4ht\u00f6\/maalialueella mm. makkaranpaistoa, kahvia, mehua, lapsille jotain ohjelmaa, mahdollisesti tuote-esittely\u00e4 sek\u00e4 tietysti arpojen myynti\u00e4. N\u00e4iss\u00e4 tavarapalkintoja.<\/p>\n\n\n\n<h3 class=\"wp-block-heading\">Tulokset 10.6.2017<\/h3>\n\n\n\n<h3 class=\"wp-block-heading\"><strong>Py\u00f6r\u00e4ilij\u00e4t Naiset<\/strong><\/h3>\n\n\n\n<ol class=\"wp-block-list\">\n<li>L\u00e4hteenm\u00e4ki Linnea 26.40<\/li>\n\n\n\n<li>Ylikoski Tarja 26.56<\/li>\n\n\n\n<li>Ylikoski Anneli 32.10<\/li>\n\n\n\n<li>Salviander Sanne 34.50<\/li>\n\n\n\n<li>Erkkil\u00e4 Raija 37.00<\/li>\n\n\n\n<li>Ylikoski Kirsi 39.40<\/li>\n\n\n\n<li>J\u00f6nkk\u00e4ri Aino 58.10<\/li>\n\n\n\n<li>J\u00f6nkk\u00e4ri Anni 58.40<\/li>\n<\/ol>\n\n\n\n<h3 class=\"wp-block-heading\">Py\u00f6r\u00e4ilij\u00e4t Miehet<\/h3>\n\n\n\n<ol class=\"wp-block-list\">\n<li>Hovi Ilkka 21.50<\/li>\n\n\n\n<li>V\u00e4h\u00e4savo Seppo 24.10<\/li>\n\n\n\n<li>L\u00e4hteenm\u00e4ki Veli-Pekka 26.30<\/li>\n\n\n\n<li>Lampikoski Markku 27.20<\/li>\n\n\n\n<li>Saarela Jorma 27.20<\/li>\n\n\n\n<li>V\u00e4h\u00e4savo Jorma 27.30<\/li>\n\n\n\n<li>Korpela Tapio 28.30<\/li>\n\n\n\n<li>Korpela Ari 30.00<\/li>\n\n\n\n<li>Tuulensuu Tommi 30.30<\/li>\n\n\n\n<li>L\u00e4hteenm\u00e4ki Lauri 30.40<\/li>\n\n\n\n<li>Ylikoski Erkki 32.10<\/li>\n\n\n\n<li>J\u00f6nkk\u00e4ri Rami 58.40<\/li>\n<\/ol>\n\n\n\n<h3 class=\"wp-block-heading\">Juoksijat Naiset<\/h3>\n\n\n\n<ol class=\"wp-block-list\">\n<li>Tuomaala Elina 52.17<\/li>\n\n\n\n<li>Tuulensuu Hannamari 55.10<\/li>\n\n\n\n<li>Ylikoski Laura 64.55<\/li>\n<\/ol>\n\n\n\n<h3 class=\"wp-block-heading\">Juoksijat Miehet<\/h3>\n\n\n\n<ol class=\"wp-block-list\">\n<li>Ylikahri Joonas 37.27<\/li>\n\n\n\n<li>Ylikahri Juha 38.45<\/li>\n\n\n\n<li>Korpela Pasi 43.50<\/li>\n\n\n\n<li>Korpela Mikko 47.10<\/li>\n\n\n\n<li>Laine Jirka 47.45<\/li>\n\n\n\n<li>Kivi Mikko 49.15<\/li>\n\n\n\n<li>Tuomola Kalevi 52.05<\/li>\n\n\n\n<li>Hakam\u00e4ki Asko 55.45<\/li>\n\n\n\n<li>Ylikoski Jouko 58.30<\/li>\n\n\n\n<li>Kortetm\u00e4ki Erkka 64.55<\/li>\n\n\n\n<li>Ylikoski Erkka 68.00<\/li>\n<\/ol>\n\n\n\n<p><strong>Arvotun polkupy\u00f6r\u00e4n voitti Niina Veko, onnea voittaneelle!<\/strong><\/p>\n","protected":false},"excerpt":{"rendered":"<p>Miljoonan sentin h\u00f6lkk\u00e4&nbsp; &#8211; tapahtumassa kierret\u00e4\u00e4n Sammin Lavasj\u00e4rvi (n. 10km) juosten, h\u00f6lk\u00e4ten, k\u00e4vellen, py\u00f6r\u00e4illen&#8230; H\u00f6lk\u00e4n aikana tapahtuu l\u00e4ht\u00f6\/maalialueella mm. makkaranpaistoa, kahvia, mehua, lapsille jotain ohjelmaa, mahdollisesti tuote-esittely\u00e4 sek\u00e4 tietysti arpojen myynti\u00e4. N\u00e4iss\u00e4 tavarapalkintoja. Tulokset 10.6.2017 Py\u00f6r\u00e4ilij\u00e4t Naiset Py\u00f6r\u00e4ilij\u00e4t Miehet Juoksijat Naiset Juoksijat Miehet Arvotun polkupy\u00f6r\u00e4n voitti Niina Veko, onnea voittaneelle!<\/p>\n","protected":false},"author":1,"featured_media":0,"parent":626,"menu_order":0,"comment_status":"closed","ping_status":"closed","template":"","meta":{"footnotes":""},"class_list":["post-633","page","type-page","status-publish","hentry"],"_links":{"self":[{"href":"https:\/\/dev.halminen.net\/sammi\/wp-json\/wp\/v2\/pages\/633","targetHints":{"allow":["GET"]}}],"collection":[{"href":"https:\/\/dev.halminen.net\/sammi\/wp-json\/wp\/v2\/pages"}],"about":[{"href":"https:\/\/dev.halminen.net\/sammi\/wp-json\/wp\/v2\/types\/page"}],"author":[{"embeddable":true,"href":"https:\/\/dev.halminen.net\/sammi\/wp-json\/wp\/v2\/users\/1"}],"replies":[{"embeddable":true,"href":"https:\/\/dev.halminen.net\/sammi\/wp-json\/wp\/v2\/comments?post=633"}],"version-history":[{"count":2,"href":"https:\/\/dev.halminen.net\/sammi\/wp-json\/wp\/v2\/pages\/633\/revisions"}],"predecessor-version":[{"id":1078,"href":"https:\/\/dev.halminen.net\/sammi\/wp-json\/wp\/v2\/pages\/633\/revisions\/1078"}],"up":[{"embeddable":true,"href":"https:\/\/dev.halminen.net\/sammi\/wp-json\/wp\/v2\/pages\/626"}],"wp:attachment":[{"href":"https:\/\/dev.halminen.net\/sammi\/wp-json\/wp\/v2\/media?parent=633"}],"curies":[{"name":"wp","href":"https:\/\/api.w.org\/{rel}","templated":true}]}}