{"id":631,"date":"2011-08-18T13:34:19","date_gmt":"2011-08-18T10:34:19","guid":{"rendered":"http:\/\/sammi.nettisivu.org\/ilmoitustaulu\/"},"modified":"2025-06-03T20:57:46","modified_gmt":"2025-06-03T20:57:46","slug":"ilmoitustaulu","status":"publish","type":"page","link":"https:\/\/dev.halminen.net\/sammi\/ilmoitustaulu\/","title":{"rendered":"Ilmoitustaulu"},"content":{"rendered":"\n<p>T\u00e4ll\u00e4 sivulla julkaisemme kyl\u00e4l\u00e4istemme sek\u00e4 muuten Sammiin liittyvi\u00e4 ilmoituksia (osto, myynti, vuokraus jne\u2026)<\/p>\n\n\n\n<h3 class=\"wp-block-heading\">Myynniss\u00e4:<\/h3>\n\n\n\n<p>Sammissa myynniss\u00e4 tontteja, lis\u00e4tietoja puh. 0400-583 222\/Tauno J\u00f6nkk\u00e4ri<\/p>\n\n\n\n<h3 class=\"wp-block-heading\">Vuokrattavana:<\/h3>\n\n\n\n<p><strong>VILLA SAMMI<br><\/strong>Talossa on mahdollista majoittua (y\u00f6 klo 16:00-12:00) ja vuokrata p\u00e4iv\u00e4toimintaan, kuten juhliin, kokouksiin ja kursseihin 15h 7:00-22:00. Mahdollisuus vuokrata my\u00f6s viikko kerrallaan (su-su).<\/p>\n\n\n\n<p>Talo on kaksikerroksinen ja se on pinta-alaltaan 269<span style=\"font-size: medium;\">&nbsp;m\u00b2, josta asuinpinta-alaa on 250&nbsp;<\/span>m\u00b2 ja t\u00e4st\u00e4 on vuokraajan k\u00e4yt\u00f6ss\u00e4 n.210&nbsp;m\u00b2.<\/p>\n\n\n\n<p>Nukkumapaikat 7 + 6&nbsp;(Lis\u00e4ksi 1 kpl lastens\u00e4nky ja 1kpl pinnas\u00e4nky)<br>Alakerrassa ruokailupaikkoja 16 kpl (+ 2 kpl sohvaa). Irtotuoleja varastossa 10 kpl.<\/p>\n\n\n\n<p>Siikaistentie 1539<br>29830 Sammi<br>villasammi.info(\u00e4t)gmail.com<\/p>\n\n\n\n<p><strong>Vuokraajan nettisivuille <a href=\"https:\/\/villasammi.weebly.com\/\">t\u00e4st\u00e4<\/a>.<\/strong><\/p>\n\n\n\n<p><strong>KAKSI HUVILAA<br><\/strong>Rauhallisella paikalla pienen j\u00e4rven rannalla, Siikaisten ja Kankaanp\u00e4\u00e4n rajamailla. L\u00f6ytyy kaikki omakotitalon mukavuudet. Pyykinpesukone, astianpesukone,soutuvene k\u00e4ytett\u00e4viss\u00e4.<br>Uimaranta loiva, onkijoille l\u00f6ytyy saalista.<br>Tarvittaessa tuodaan paikalle pinnas\u00e4nky, sy\u00f6tt\u00f6tuoli.<br>Makuupaikkoja l\u00f6ytyy 10-12h .Puuvaraston yhteydess\u00e4 oma erillinen lis\u00e4makuupaikka kahdelle.<\/p>\n\n\n\n<p>Yhteydenotot ja varaukset<br>Toivo Korpela<br>050-5606205<\/p>\n\n\n\n<p>&nbsp;<\/p>\n","protected":false},"excerpt":{"rendered":"<p>T\u00e4ll\u00e4 sivulla julkaisemme kyl\u00e4l\u00e4istemme sek\u00e4 muuten Sammiin liittyvi\u00e4 ilmoituksia (osto, myynti, vuokraus jne\u2026) Myynniss\u00e4: Sammissa myynniss\u00e4 tontteja, lis\u00e4tietoja puh. 0400-583 222\/Tauno J\u00f6nkk\u00e4ri Vuokrattavana: VILLA SAMMITalossa on mahdollista majoittua (y\u00f6 klo 16:00-12:00) ja vuokrata p\u00e4iv\u00e4toimintaan, kuten juhliin, kokouksiin ja kursseihin 15h 7:00-22:00. Mahdollisuus vuokrata my\u00f6s viikko kerrallaan (su-su). Talo on kaksikerroksinen ja se on pinta-alaltaan 269&nbsp;m\u00b2, [&hellip;]<\/p>\n","protected":false},"author":1,"featured_media":0,"parent":0,"menu_order":9,"comment_status":"closed","ping_status":"closed","template":"","meta":{"footnotes":""},"class_list":["post-631","page","type-page","status-publish","hentry"],"_links":{"self":[{"href":"https:\/\/dev.halminen.net\/sammi\/wp-json\/wp\/v2\/pages\/631","targetHints":{"allow":["GET"]}}],"collection":[{"href":"https:\/\/dev.halminen.net\/sammi\/wp-json\/wp\/v2\/pages"}],"about":[{"href":"https:\/\/dev.halminen.net\/sammi\/wp-json\/wp\/v2\/types\/page"}],"author":[{"embeddable":true,"href":"https:\/\/dev.halminen.net\/sammi\/wp-json\/wp\/v2\/users\/1"}],"replies":[{"embeddable":true,"href":"https:\/\/dev.halminen.net\/sammi\/wp-json\/wp\/v2\/comments?post=631"}],"version-history":[{"count":2,"href":"https:\/\/dev.halminen.net\/sammi\/wp-json\/wp\/v2\/pages\/631\/revisions"}],"predecessor-version":[{"id":1093,"href":"https:\/\/dev.halminen.net\/sammi\/wp-json\/wp\/v2\/pages\/631\/revisions\/1093"}],"wp:attachment":[{"href":"https:\/\/dev.halminen.net\/sammi\/wp-json\/wp\/v2\/media?parent=631"}],"curies":[{"name":"wp","href":"https:\/\/api.w.org\/{rel}","templated":true}]}}