{"id":630,"date":"2011-08-18T13:26:05","date_gmt":"2011-08-18T10:26:05","guid":{"rendered":"http:\/\/sammi.nettisivu.org\/?page_id=10"},"modified":"2025-06-26T17:03:43","modified_gmt":"2025-06-26T17:03:43","slug":"traktorien-makivetokisat","status":"publish","type":"page","link":"https:\/\/dev.halminen.net\/sammi\/sammin-kylayhdistys\/traktorien-makivetokisat\/","title":{"rendered":"Traktorien m\u00e4kivetokisat"},"content":{"rendered":"\n<p><a href=\"https:\/\/dev.halminen.net\/sammi\/sammin-kylayhdistys\/traktorien-makivetokisat\/makivetokisojen-kuvagalleria\/\" data-type=\"page\" data-id=\"58\"><strong>Kuvia aiemmista kisoista<\/strong><\/a><\/p>\n\n\n\n<details class=\"wp-block-details is-layout-flow wp-block-details-is-layout-flow\"><summary>Tulokset 2024<\/summary>\n<p><strong>Alle 60 hv<\/strong><br>1. Toni Lindahl 16,43<br>2. Voitto Kivim\u00e4ki 17,64<br>3. Tommi Pentinm\u00e4ki 18,63<\/p>\n\n\n\n<p><strong>Alle 80 hv<\/strong><br>1. Mikko Lev\u00e4 18,22<br>2. Mikko Kaustinen 24,94<br>3. Matti Vesterbacka 27,97<\/p>\n\n\n\n<p><strong>Alle 100 hv<\/strong><br>1. Mikko Lev\u00e4 20,03<br>2. \u00c4ij\u00e4 Rimpel\u00e4 22,30<br>3. Mikko Kaustinen 29,64<\/p>\n\n\n\n<p><strong>Alle 120 hv<\/strong><br>1. Jarkko Palen 19,16<br>2. Tomi Hautam\u00e4ki 19,47<br>3. Patrik Vettenranta 19,75<\/p>\n\n\n\n<p><strong>Alle 150 hv<\/strong><br>1. Jonne Lev\u00e4 19,33<br>2. Teemu Hietanen 20,91<br>3. Antti Kuusniemi 21,83<\/p>\n\n\n\n<p><strong>Yli 150 hv<\/strong><br>1. Juho-Matti Ojala 20,23<br>2. Jonne Lev\u00e4 20,72<br>3. Tobias Bj\u00f6rses 22,22<\/p>\n\n\n\n<p><strong>Jokeri alle 100 hv<\/strong><br>1. Mikko Lev\u00e4 25,52<br>2. \u00c4ij\u00e4 Rimpel\u00e4 30,15<\/p>\n\n\n\n<p><strong>Jokeri yli 100 hv<\/strong><br>1. Jonne Lev\u00e4 20,72<br>2. Juho-Matti Ojala 21,27<br>3. Tomi Hautam\u00e4ki 21,75<\/p>\n\n\n\n<h3 class=\"wp-block-heading\">Tuloslista 2024<\/h3>\n\n\n\n<figure class=\"wp-block-table\"><table class=\"has-fixed-layout\"><tbody><tr><td>&nbsp;<\/td><td>aika 1<\/td><td>aika 2<\/td><td>&nbsp;<\/td><td>&nbsp;<\/td><\/tr><tr><td><strong>alle 60 hv<\/strong><\/td><td>&nbsp;<\/td><td>&nbsp;<\/td><td>&nbsp;<\/td><td>&nbsp;<\/td><\/tr><tr><td>Toni Lindahl<\/td><td>16,43<\/td><td>18,07<\/td><td>&nbsp;<\/td><td>&nbsp;<\/td><\/tr><tr><td>Voitto Kivim\u00e4ki<\/td><td>18,43<\/td><td>17,64<\/td><td>&nbsp;<\/td><td>&nbsp;<\/td><\/tr><tr><td>Tommi Pentinm\u00e4ki<\/td><td>19,72<\/td><td>18,63<\/td><td>&nbsp;<\/td><td>&nbsp;<\/td><\/tr><tr><td>Kristian Mattila<\/td><td>18,72<\/td><td>20,27<\/td><td>&nbsp;<\/td><td>&nbsp;<\/td><\/tr><tr><td>Martti Saari<\/td><td>20,11<\/td><td>19,61<\/td><td>&nbsp;<\/td><td>&nbsp;<\/td><\/tr><tr><td>Aatu Niskala<\/td><td>19,62<\/td><td>21,03<\/td><td>&nbsp;<\/td><td>&nbsp;<\/td><\/tr><tr><td>Jaska Norolahti<\/td><td>30,91<\/td><td>30,40<\/td><td>&nbsp;<\/td><td>&nbsp;<\/td><\/tr><tr><td>Janne Norolahti<\/td><td>30,87<\/td><td>32,79<\/td><td>&nbsp;<\/td><td>&nbsp;<\/td><\/tr><tr><td>Timo Vesterbacka<\/td><td>30,96<\/td><td>32,13<\/td><td>&nbsp;<\/td><td>&nbsp;<\/td><\/tr><tr><td>&nbsp;<\/td><td>&nbsp;<\/td><td>&nbsp;<\/td><td>&nbsp;<\/td><td>&nbsp;<\/td><\/tr><tr><td><strong>alle 80 hv<\/strong><\/td><td>&nbsp;<\/td><td>&nbsp;<\/td><td>&nbsp;<\/td><td>&nbsp;<\/td><\/tr><tr><td>Mikko Lev\u00e4<\/td><td>18,22<\/td><td>19,30<\/td><td>&nbsp;<\/td><td>&nbsp;<\/td><\/tr><tr><td>Mikko Kaustinen<\/td><td>24,94<\/td><td>24,85<\/td><td>&nbsp;<\/td><td>&nbsp;<\/td><\/tr><tr><td>Matti Vesterbacka<\/td><td>29,00<\/td><td>27,97<\/td><td>&nbsp;<\/td><td>&nbsp;<\/td><\/tr><tr><td>&nbsp;<\/td><td>&nbsp;<\/td><td>&nbsp;<\/td><td>&nbsp;<\/td><td>&nbsp;<\/td><\/tr><tr><td><strong>alle 100 hv<\/strong><\/td><td>&nbsp;<\/td><td>&nbsp;<\/td><td>&nbsp;<\/td><td>&nbsp;<\/td><\/tr><tr><td>Mikko Lev\u00e4<\/td><td>20,09<\/td><td>20,03<\/td><td>&nbsp;<\/td><td>&nbsp;<\/td><\/tr><tr><td>\u00c4ij\u00e4 Rimpel\u00e4<\/td><td>22,34<\/td><td>22,30<\/td><td>&nbsp;<\/td><td>&nbsp;<\/td><\/tr><tr><td>Mikko Kaustinen<\/td><td>34,87<\/td><td>29,64<\/td><td>&nbsp;<\/td><td>&nbsp;<\/td><\/tr><tr><td>&nbsp;<\/td><td>&nbsp;<\/td><td>&nbsp;<\/td><td>&nbsp;<\/td><td>&nbsp;<\/td><\/tr><tr><td><strong>alle 120 hv<\/strong><\/td><td>&nbsp;<\/td><td>&nbsp;<\/td><td>&nbsp;<\/td><td>&nbsp;<\/td><\/tr><tr><td>Jarkko Palen<\/td><td>19,16<\/td><td>22,47<\/td><td>&nbsp;<\/td><td>&nbsp;<\/td><\/tr><tr><td>Tomi Hautam\u00e4ki<\/td><td>19,74<\/td><td>19,47<\/td><td>&nbsp;<\/td><td>&nbsp;<\/td><\/tr><tr><td>Patrik Vettenranta<\/td><td>20,22<\/td><td>19,75<\/td><td>&nbsp;<\/td><td>&nbsp;<\/td><\/tr><tr><td>Timo Vesterbacka<\/td><td>26,62<\/td><td>24,66<\/td><td>&nbsp;<\/td><td>&nbsp;<\/td><\/tr><tr><td>&nbsp;<\/td><td>&nbsp;<\/td><td>&nbsp;<\/td><td>&nbsp;<\/td><td>&nbsp;<\/td><\/tr><tr><td><strong>alle 150 hv<\/strong><\/td><td>&nbsp;<\/td><td>&nbsp;<\/td><td>&nbsp;<\/td><td>&nbsp;<\/td><\/tr><tr><td>Jonne Lev\u00e4<\/td><td>25,73<\/td><td>19,33<\/td><td>&nbsp;<\/td><td>&nbsp;<\/td><\/tr><tr><td>Teemu Hietanen<\/td><td>20,91<\/td><td>20,98<\/td><td>21,97<\/td><td>21,83<\/td><\/tr><tr><td>Antti Kuusniemi<\/td><td>22,23<\/td><td>21,83<\/td><td>&nbsp;<\/td><td>&nbsp;<\/td><\/tr><tr><td>Emil Ik\u00e4heimo<\/td><td>25,03<\/td><td>24,92<\/td><td>&nbsp;<\/td><td>&nbsp;<\/td><\/tr><tr><td>Mikko Lev\u00e4<\/td><td>25,55<\/td><td>25,57<\/td><td>&nbsp;<\/td><td>&nbsp;<\/td><\/tr><tr><td>&nbsp;<\/td><td>&nbsp;<\/td><td>&nbsp;<\/td><td>&nbsp;<\/td><td>&nbsp;<\/td><\/tr><tr><td><strong>yli 150 hv<\/strong><\/td><td>&nbsp;<\/td><td>&nbsp;<\/td><td>&nbsp;<\/td><td>&nbsp;<\/td><\/tr><tr><td>Juho-Matti Ojala<\/td><td>20,23<\/td><td>20,46<\/td><td>&nbsp;<\/td><td>&nbsp;<\/td><\/tr><tr><td>Jonne Lev\u00e4<\/td><td>24,43<\/td><td>20,72<\/td><td>&nbsp;<\/td><td>&nbsp;<\/td><\/tr><tr><td>Tobias Bj\u00f6rses<\/td><td>22,38<\/td><td>22,22<\/td><td>&nbsp;<\/td><td>&nbsp;<\/td><\/tr><tr><td>Jussi Norolahti<\/td><td>25,5<\/td><td>30,05<\/td><td>&nbsp;<\/td><td>&nbsp;<\/td><\/tr><tr><td>&nbsp;<\/td><td>&nbsp;<\/td><td>&nbsp;<\/td><td>&nbsp;<\/td><td>&nbsp;<\/td><\/tr><tr><td><strong>jokeri alle 100 hv<\/strong><\/td><td>&nbsp;<\/td><td>&nbsp;<\/td><td>&nbsp;<\/td><td>&nbsp;<\/td><\/tr><tr><td>Mikko Lev\u00e4<\/td><td>25,52<\/td><td>27,25<\/td><td>&nbsp;<\/td><td>&nbsp;<\/td><\/tr><tr><td>\u00c4ij\u00e4 Rimpel\u00e4<\/td><td>30,15<\/td><td>&#8211;<\/td><td>&nbsp;<\/td><td>&nbsp;<\/td><\/tr><tr><td>&nbsp;<\/td><td>&nbsp;<\/td><td>&nbsp;<\/td><td>&nbsp;<\/td><td>&nbsp;<\/td><\/tr><tr><td><strong>jokeri yli 100 hv<\/strong><\/td><td>&nbsp;<\/td><td>&nbsp;<\/td><td>&nbsp;<\/td><td>&nbsp;<\/td><\/tr><tr><td>Jonne Lev\u00e4<\/td><td>21,45<\/td><td>20,72<\/td><td>&nbsp;<\/td><td>&nbsp;<\/td><\/tr><tr><td>Juho-Matti Ojala<\/td><td>22,41<\/td><td>21,27<\/td><td>&nbsp;<\/td><td>&nbsp;<\/td><\/tr><tr><td>Tomi Hautam\u00e4ki<\/td><td>21,75<\/td><td>&#8211;<\/td><td>&nbsp;<\/td><td>&nbsp;<\/td><\/tr><tr><td>Teemu Hietanen<\/td><td>22,76<\/td><td>22,61<\/td><td>&nbsp;<\/td><td>&nbsp;<\/td><\/tr><tr><td>Mikko Lev\u00e4<\/td><td>27,43<\/td><td>27,31<\/td><td>&nbsp;<\/td><td>&nbsp;<\/td><\/tr><tr><td>&nbsp;<\/td><td>&nbsp;<\/td><td>&nbsp;<\/td><td>&nbsp;<\/td><td>&nbsp;<\/td><\/tr><\/tbody><\/table><\/figure>\n\n\n\n<p>Vanhemmat tulokset l\u00f6yd\u00e4t <a href=\"https:\/\/dev.halminen.net\/sammi\/arkisto\/makivetokisojen-tulosarkisto\/\" data-type=\"page\" data-id=\"1066\">arkistosta<\/a>.<\/p>\n<\/details>\n\n\n\n<details class=\"wp-block-details is-layout-flow wp-block-details-is-layout-flow\"><summary>S\u00e4\u00e4nn\u00f6t<\/summary>\n<p><strong>S\u00c4\u00c4NN\u00d6T TRAKTORIEN M\u00c4KIVETOKISAT 2024<\/strong><\/p>\n\n\n\n<p><strong>Ilmoittautuminen<\/strong><\/p>\n\n\n\n<ol class=\"wp-block-list\">\n<li>Yksi traktori voi osallistua vain yhteen luokkaan ja luokka m\u00e4\u00e4r\u00e4ytyy traktorin koon mukaan. Poikkeuksena on jokeriluokka, johon voi osallistua oman sarjan lis\u00e4ksi. Ilmoittautumismaksu on 20 euroa per henkil\u00f6 ja mahdollisesta jokeriluokkaan osallistumisesta perit\u00e4\u00e4n lis\u00e4ksi 10 euroa. Mik\u00e4li joku kuitenkin osallistuu vain jokeriluokkaan, maksu on silloin 20 euroa.<\/li>\n\n\n\n<li>Ilmoittautuminen on suoritettava tapahtumap\u00e4iv\u00e4n\u00e4 klo 10-11:30 v\u00e4lisen\u00e4 aikana.<\/li>\n\n\n\n<li>Ohjaajakokous pidet\u00e4\u00e4n viidentoista minuutin kuluttua siit\u00e4, kun osallistujalistat on saatu valmiiksi (n. klo 12.30).<\/li>\n\n\n\n<li>Virallinen l\u00e4ht\u00f6lista l\u00e4ht\u00f6ryhmitt\u00e4in toimitetaan nelj\u00e4n\u00e4 kappaleena k\u00e4rrynvaihtoon, ajanottoon, kuuluttajalle ja kilpailunjohtajalle.<\/li>\n<\/ol>\n\n\n\n<p><strong>L\u00e4ht\u00f6<\/strong><\/p>\n\n\n\n<ol class=\"wp-block-list\">\n<li>Jos ottaa varasl\u00e4hd\u00f6n, suoritus hyl\u00e4t\u00e4\u00e4n.<\/li>\n\n\n\n<li>Jos kone sammuu l\u00e4htiess\u00e4, l\u00e4ht\u00f6\u00e4 ei saa uusia vaan ajanmittaus m\u00e4\u00e4r\u00e4ytyy ensimm\u00e4isen l\u00e4hd\u00f6n mukaan.<\/li>\n\n\n\n<li>Jos kahdella kilpailijalla on sama aika, n\u00e4m\u00e4 kaksi kuljettajaa ajavat uudelleen ja heid\u00e4n keskin\u00e4inen sijoituksensa m\u00e4\u00e4r\u00e4ytyy uuden ajan mukaan.<\/li>\n\n\n\n<li>Jokaisella on kaksi l\u00e4ht\u00f6\u00e4 per luokka.<\/li>\n\n\n\n<li>Jokainen kuljettaja huolehtii itse omasta vetovuorostaan. Mik\u00e4li kuljettaja ei ole ajoissa l\u00e4ht\u00f6paikalla, h\u00e4nen suorituksensa hyl\u00e4t\u00e4\u00e4n.<\/li>\n<\/ol>\n\n\n\n<p><strong>Sarjat ja tekniikka<\/strong><\/p>\n\n\n\n<ol class=\"wp-block-list\">\n<li>6 sarjaa (alle 60 hv, alle 80 hv, alle 100 hv, alle 120 hv, alle 150 hv ja yli 150 hv) + 2 jokeria: alle 100 hv ja yli 100 hv<\/li>\n\n\n\n<li>Traktorin luokka m\u00e4\u00e4r\u00e4ytyy moottorin lohkon mukaan.<\/li>\n\n\n\n<li>Kilpailu on viritysvapaa.<\/li>\n\n\n\n<li>Hevosvoimatoleranssi: +\/-4 hevosvoimaa suuntaansa. Esimerkiksi 100 hevosvoiman luokkaan saa osallistua 104 hevosvoiman traktorilla.<\/li>\n\n\n\n<li>Jos kilpailija ilmoittaa moottoritiedot v\u00e4\u00e4rin, h\u00e4net hyl\u00e4t\u00e4\u00e4n.<\/li>\n\n\n\n<li>Traktorien on oltava liikennevakuutettuja ja kuljettajalla on oltava v\u00e4hint\u00e4\u00e4n T-luokan ajokortti. Jos liikennevakuutusta ei ole, kuljettaja on henkil\u00f6kohtaisessa vastuussa aiheuttamastaan vahingosta.<\/li>\n\n\n\n<li>Mik\u00e4li traktoriin kuuluu kone- tai sivupellit, niiden on oltava kilpailuun osallistuttaessa paikoillaan.<\/li>\n<\/ol>\n\n\n\n<p><strong>Palkinnot<\/strong><br><br>Palkinnot ovat lahjakortteja\/tavarapalkintoja.&nbsp; Kaikkien osallistujien kesken arvotaan 100 euron lahjakortti.<\/p>\n\n\n\n<p><strong>Mahdolliset poikkeustilanteet<\/strong><br><br>Ep\u00e4selviss\u00e4 tapauksissa kilpailun tuomaristo kokoontuu ja p\u00e4\u00e4tt\u00e4\u00e4 asiasta enemmist\u00f6n p\u00e4\u00e4t\u00f6ksell\u00e4.<\/p>\n\n\n\n<p><strong>Turvallisuus ja vastuu<\/strong><br><br>Jokainen kuljettaja osallistuu omalla vastuullaan. Sammin kyl\u00e4yhdistys ry ei vastaa mink\u00e4\u00e4nlaisista vahingoista eik\u00e4 ole korvausvelvollinen kisassa sattuneista vahingoista.<\/p>\n\n\n\n<p>Tiedustelut puh. <strong>0400 583&nbsp;222<\/strong>\/Sammi Kyl\u00e4yhdistys, puheenjohtaja Toivo Sillanp\u00e4\u00e4<\/p>\n<\/details>\n\n\n\n<p><iframe loading=\"lazy\" title=\"Kooste: Sammin m\u00e4kivetokisat Siikainen 7.9.2019\" src=\"https:\/\/www.youtube.com\/embed\/VBPMJEOPOe8\" width=\"900\" height=\"506\" frameborder=\"0\" allowfullscreen=\"allowfullscreen\"><\/iframe><\/p>\n","protected":false},"excerpt":{"rendered":"<p>Kuvia aiemmista kisoista<\/p>\n","protected":false},"author":1,"featured_media":0,"parent":626,"menu_order":1,"comment_status":"closed","ping_status":"closed","template":"","meta":{"footnotes":""},"class_list":["post-630","page","type-page","status-publish","hentry"],"_links":{"self":[{"href":"https:\/\/dev.halminen.net\/sammi\/wp-json\/wp\/v2\/pages\/630","targetHints":{"allow":["GET"]}}],"collection":[{"href":"https:\/\/dev.halminen.net\/sammi\/wp-json\/wp\/v2\/pages"}],"about":[{"href":"https:\/\/dev.halminen.net\/sammi\/wp-json\/wp\/v2\/types\/page"}],"author":[{"embeddable":true,"href":"https:\/\/dev.halminen.net\/sammi\/wp-json\/wp\/v2\/users\/1"}],"replies":[{"embeddable":true,"href":"https:\/\/dev.halminen.net\/sammi\/wp-json\/wp\/v2\/comments?post=630"}],"version-history":[{"count":3,"href":"https:\/\/dev.halminen.net\/sammi\/wp-json\/wp\/v2\/pages\/630\/revisions"}],"predecessor-version":[{"id":1218,"href":"https:\/\/dev.halminen.net\/sammi\/wp-json\/wp\/v2\/pages\/630\/revisions\/1218"}],"up":[{"embeddable":true,"href":"https:\/\/dev.halminen.net\/sammi\/wp-json\/wp\/v2\/pages\/626"}],"wp:attachment":[{"href":"https:\/\/dev.halminen.net\/sammi\/wp-json\/wp\/v2\/media?parent=630"}],"curies":[{"name":"wp","href":"https:\/\/api.w.org\/{rel}","templated":true}]}}