{"id":208,"date":"2011-08-18T12:08:38","date_gmt":"2011-08-18T09:08:38","guid":{"rendered":"http:\/\/sammi.nettisivu.org\/historia\/"},"modified":"2024-12-13T13:06:16","modified_gmt":"2024-12-13T13:06:16","slug":"historia","status":"publish","type":"page","link":"https:\/\/dev.halminen.net\/sammi\/historia\/","title":{"rendered":"Historia"},"content":{"rendered":"\n<p>Sammiin on tullut asutusta jo vuonna 1689. Alkuun Sammia kutsuttiin Per\u00e4koskeksi, mutta Ikaalisten Sammista t\u00e4nne muuttaneet&nbsp; antoivat kyl\u00e4lle nykyisen nimens\u00e4.&nbsp;<strong><em><a href=\"http:\/\/www.siikainen.fi\/images\/pdf\/siikaisten_asutus2.pdf\" target=\"_blank\" rel=\"noopener\">Siikaisten asutuksen alkul\u00e4hteill\u00e4<\/a><\/em> <em>Siikaisten talot ja talonhaltijat perustamisestaan noin vuoteen 1750<\/em><\/strong> (kirjoittanut FM Raimo E. Harju) kertoo my\u00f6s Sammin alueen historiasta sivuilla 7 ja 9-11.<\/p>\n","protected":false},"excerpt":{"rendered":"<p>Sammiin on tullut asutusta jo vuonna 1689. Alkuun Sammia kutsuttiin Per\u00e4koskeksi, mutta Ikaalisten Sammista t\u00e4nne muuttaneet&nbsp; antoivat kyl\u00e4lle nykyisen nimens\u00e4.&nbsp;Siikaisten asutuksen alkul\u00e4hteill\u00e4 Siikaisten talot ja talonhaltijat perustamisestaan noin vuoteen 1750 (kirjoittanut FM Raimo E. Harju) kertoo my\u00f6s Sammin alueen historiasta sivuilla 7 ja 9-11.<\/p>\n","protected":false},"author":1,"featured_media":0,"parent":0,"menu_order":2,"comment_status":"closed","ping_status":"closed","template":"","meta":{"footnotes":""},"class_list":["post-208","page","type-page","status-publish","hentry"],"_links":{"self":[{"href":"https:\/\/dev.halminen.net\/sammi\/wp-json\/wp\/v2\/pages\/208","targetHints":{"allow":["GET"]}}],"collection":[{"href":"https:\/\/dev.halminen.net\/sammi\/wp-json\/wp\/v2\/pages"}],"about":[{"href":"https:\/\/dev.halminen.net\/sammi\/wp-json\/wp\/v2\/types\/page"}],"author":[{"embeddable":true,"href":"https:\/\/dev.halminen.net\/sammi\/wp-json\/wp\/v2\/users\/1"}],"replies":[{"embeddable":true,"href":"https:\/\/dev.halminen.net\/sammi\/wp-json\/wp\/v2\/comments?post=208"}],"version-history":[{"count":1,"href":"https:\/\/dev.halminen.net\/sammi\/wp-json\/wp\/v2\/pages\/208\/revisions"}],"predecessor-version":[{"id":1075,"href":"https:\/\/dev.halminen.net\/sammi\/wp-json\/wp\/v2\/pages\/208\/revisions\/1075"}],"wp:attachment":[{"href":"https:\/\/dev.halminen.net\/sammi\/wp-json\/wp\/v2\/media?parent=208"}],"curies":[{"name":"wp","href":"https:\/\/api.w.org\/{rel}","templated":true}]}}