{"id":206,"date":"2011-08-18T11:56:37","date_gmt":"2011-08-18T08:56:37","guid":{"rendered":"http:\/\/sammi.nettisivu.org\/palautelomake\/"},"modified":"2025-06-23T16:24:20","modified_gmt":"2025-06-23T16:24:20","slug":"palautelomake","status":"publish","type":"page","link":"https:\/\/dev.halminen.net\/sammi\/palautelomake\/","title":{"rendered":"Yhteystiedot"},"content":{"rendered":"\n<p><strong>Kyl\u00e4talovaraukset<\/strong>: Sammin kyl\u00e4yhdistyksen puh. 0400 583 222<\/p>\n\n\n\n<p><strong>S\u00e4hk\u00f6posti<\/strong>: sammi@live.fi<\/p>\n\n\n\n<p><strong>Sammin kyl\u00e4talon osoite<\/strong>: Siikaistentie 1711, 29830 Sammi<\/p>\n","protected":false},"excerpt":{"rendered":"<p>Kyl\u00e4talovaraukset: Sammin kyl\u00e4yhdistyksen puh. 0400 583 222 S\u00e4hk\u00f6posti: sammi@live.fi Sammin kyl\u00e4talon osoite: Siikaistentie 1711, 29830 Sammi<\/p>\n","protected":false},"author":1,"featured_media":0,"parent":0,"menu_order":10,"comment_status":"closed","ping_status":"open","template":"","meta":{"footnotes":""},"class_list":["post-206","page","type-page","status-publish","hentry"],"_links":{"self":[{"href":"https:\/\/dev.halminen.net\/sammi\/wp-json\/wp\/v2\/pages\/206","targetHints":{"allow":["GET"]}}],"collection":[{"href":"https:\/\/dev.halminen.net\/sammi\/wp-json\/wp\/v2\/pages"}],"about":[{"href":"https:\/\/dev.halminen.net\/sammi\/wp-json\/wp\/v2\/types\/page"}],"author":[{"embeddable":true,"href":"https:\/\/dev.halminen.net\/sammi\/wp-json\/wp\/v2\/users\/1"}],"replies":[{"embeddable":true,"href":"https:\/\/dev.halminen.net\/sammi\/wp-json\/wp\/v2\/comments?post=206"}],"version-history":[{"count":5,"href":"https:\/\/dev.halminen.net\/sammi\/wp-json\/wp\/v2\/pages\/206\/revisions"}],"predecessor-version":[{"id":1164,"href":"https:\/\/dev.halminen.net\/sammi\/wp-json\/wp\/v2\/pages\/206\/revisions\/1164"}],"wp:attachment":[{"href":"https:\/\/dev.halminen.net\/sammi\/wp-json\/wp\/v2\/media?parent=206"}],"curies":[{"name":"wp","href":"https:\/\/api.w.org\/{rel}","templated":true}]}}