{"id":186,"date":"2013-02-23T00:17:17","date_gmt":"2013-02-22T21:17:17","guid":{"rendered":"http:\/\/sammi.nettisivu.org\/?page_id=186"},"modified":"2024-11-02T15:39:58","modified_gmt":"2024-11-02T15:39:58","slug":"jaarata-ajot","status":"publish","type":"page","link":"https:\/\/dev.halminen.net\/sammi\/arkisto\/jaarata-ajot\/","title":{"rendered":"Talviurheilua Lavasj\u00e4rven j\u00e4\u00e4ll\u00e4"},"content":{"rendered":"<h3>Pilkkikilpailut 21.3.2015<\/h3>\n<p>Nuorten sarja<br \/>\n1. Joel Peltom\u00e4ki 460g<br \/>\n2. Marja Palom\u00e4ki 360g<\/p>\n<p>Aikuisten sarja<\/p>\n<p>1. Kalervo Kalliom\u00e4ki 1700g<br \/>\n2. Mauno Korpela 1400g<br \/>\n3. Pekka Korkiam\u00e4ki 1280g<br \/>\n4. Soile Salo 720g ja Seppo Kuortti 720g<br \/>\n5. Antti Salo 580g<br \/>\n6. Terho Perna 540g ja Markku Peltom\u00e4ki 540g<br \/>\n7. Mirja Kalliom\u00e4ki 480g ja Sami Jakobsson 480g<br \/>\n8. Tapio Tuominen 360g<br \/>\n9. Tuomas Koivunen 160g<br \/>\n10. Esko Heinola 120g<br \/>\n11. Johanna Lahti 60g<\/p>\n<h3>Pilkkikilpailut 6.4.2013<\/h3>\n<p>Juttu pilkkikisoista Kankaanp\u00e4\u00e4n Seudussa: <a href=\"http:\/\/www.kankaanpaanseutu.fi\/Urheilu\/1194806264180\/artikkeli\/eila+nurmi+pilkki+isoimman+kalan+lavasjarvella.html\" target=\"_blank\" rel=\"noopener\">Eila Nurmi pilkki isoimman kalan Lavasj\u00e4rvell\u00e4<\/a><\/p>\n<p>Pilkkikisojen tulokset:<\/p>\n<p>Lasten sarja<\/p>\n<p>1. Netta Rantala 325 g<\/p>\n<p>Nuorten sarja<br \/>\n1. Ville Heinola 284 g<\/p>\n<p>Naisten sarja<br \/>\n1. Raija Perna 1261 g<br \/>\n2. Eila Nurmi 555 g<br \/>\n3. Marja-Leena Kuosmanen 90 g<br \/>\n4. Pirkko Rinta-Kauhaj\u00e4rvi 86 g<br \/>\n5. Gunilla Salo 58 g<\/p>\n<p>Miesten sarja (kaksi parasta saivat grammalleen saman kalasaaliin, heid\u00e4n kesken voitto ratkaistiin arvalla)<br \/>\n1. Jouko Haapala 2498 g<br \/>\n2. Aatos Kiviniemi 2498 g<br \/>\n3. Esko Heinola 1099 g<br \/>\n4. Antti Salo 1091 g<br \/>\n5. Kalevi Rajala 924 g<br \/>\n6. Pauli Kyt\u00f6m\u00e4ki 640 g<br \/>\n7. Terho Perna 618 g<br \/>\n8. Timo Lahtinen 549 g<br \/>\n9. Kalervo Kalliom\u00e4ki 290 g<br \/>\n10. Pentti Virtanen 286 g<br \/>\n11. Kari Fridfelt 261 g<br \/>\n12. Mauno Korpela 239 g<br \/>\n13. Esko Mikkola 176 g<br \/>\n14. Alpo Set\u00e4l\u00e4 151 g<br \/>\n15. Markku Nurmi 127 g<br \/>\n16. Matti Lampikoski 65 g<\/p>\n<p>Kaikkien osallistujien kesken palkittiin isoimman kalan saanut:<br \/>\n1. Eila Nurmi 420 g<\/p>\n<h3><\/h3>\n<h3>J\u00e4\u00e4rata-ajot 9.2.2013<\/h3>\n<p>Sammin Lavasj\u00e4rven j\u00e4\u00e4radalla vietettiin j\u00e4\u00e4rata-ajoja lauantaina 9. helmikuuta 2013. Kilpailu ker\u00e4si yhteens\u00e4 42 osallistujaa, luokkia oli viisi, joista jokaisen kolme parasta kuljettajaa palkittiin pokaalein. Poikkeuksena kilpa 2-veto \u2013luokassa palkittiin 4 parasta, koska luokka ker\u00e4si eniten osallistujia.<\/p>\n<h3>Tulokset (palkitut) luokittain:<\/h3>\n<p>Juniorit:<\/p>\n<ol>\n<li>Laaksamo Kristian 6,14<\/li>\n<\/ol>\n<p>Siviili (tieliikennerenkain):<\/p>\n<ol>\n<li>Fagerroos Jari-Pekka 4,49<\/li>\n<li>Korpela Mikko 5,17<\/li>\n<li>Heinonen Petri 5,17<\/li>\n<\/ol>\n<p>Siviili (piikkirenkain):<\/p>\n<ol>\n<li>Fagerroos Jari-Pekka 3,59<\/li>\n<li>Korpela Mikko 4,00<\/li>\n<li>Starck Mika 4,06<\/li>\n<\/ol>\n<p>Kilpa 2-veto: (4 palkittua)<\/p>\n<ol>\n<li>Alftan Pasi 3,41<\/li>\n<li>Sinkkonen Henri 3,56<\/li>\n<li>Kiviharju Ville 3,58<\/li>\n<li>Laaksamo Mauri 4,00<\/li>\n<\/ol>\n<p>Kilpa 4-veto:<\/p>\n<ol>\n<li>Kallioinen Arto 3,55<\/li>\n<li>Hirviniitty Markku 4,02<\/li>\n<li>M\u00e4ensivu keskeytti<\/li>\n<\/ol>\n<h3>Kuvagalleria 9.2.2013<\/h3>\n<h2><a href=\"https:\/\/sammi.kapsi.fi\/sammin-kylayhdistys-2\/jaarata-ajot\/kuva-087\/\" rel=\"attachment wp-att-187\"><img loading=\"lazy\" decoding=\"async\" class=\"alignnone size-thumbnail wp-image-187\" src=\"https:\/\/sammi.kapsi.fi\/wp-content\/uploads\/2013\/02\/Kuva-087-150x150.jpg\" alt=\"\" width=\"150\" height=\"150\" \/><\/a> <a href=\"https:\/\/sammi.kapsi.fi\/sammin-kylayhdistys-2\/jaarata-ajot\/kuva-108\/\" rel=\"attachment wp-att-188\"><img loading=\"lazy\" decoding=\"async\" class=\"alignnone size-thumbnail wp-image-188\" src=\"https:\/\/sammi.kapsi.fi\/wp-content\/uploads\/2013\/02\/Kuva-108-150x150.jpg\" alt=\"\" width=\"150\" height=\"150\" \/><\/a><\/h2>\n<p><a href=\"https:\/\/sammi.kapsi.fi\/sammin-kylayhdistys-2\/jaarata-ajot\/kuva-117_4_1\/\" rel=\"attachment wp-att-191\"><img loading=\"lazy\" decoding=\"async\" class=\"alignnone size-thumbnail wp-image-191\" src=\"https:\/\/sammi.kapsi.fi\/wp-content\/uploads\/2013\/02\/Kuva-117_4_1-150x150.jpg\" alt=\"\" width=\"150\" height=\"150\" \/><\/a><a href=\"https:\/\/sammi.kapsi.fi\/sammin-kylayhdistys-2\/jaarata-ajot\/kuva-120\/\" rel=\"attachment wp-att-189\"><img loading=\"lazy\" decoding=\"async\" class=\"alignnone size-thumbnail wp-image-189\" src=\"https:\/\/sammi.kapsi.fi\/wp-content\/uploads\/2013\/02\/Kuva-120-150x150.jpg\" alt=\"\" width=\"150\" height=\"150\" \/><\/a><\/p>\n<p><a href=\"https:\/\/sammi.kapsi.fi\/sammin-kylayhdistys-2\/jaarata-ajot\/kuva-121\/\" rel=\"attachment wp-att-190\"><img loading=\"lazy\" decoding=\"async\" class=\"alignnone size-thumbnail wp-image-190\" src=\"https:\/\/sammi.kapsi.fi\/wp-content\/uploads\/2013\/02\/Kuva-121-150x150.jpg\" alt=\"\" width=\"150\" height=\"150\" \/><\/a> <a href=\"https:\/\/sammi.kapsi.fi\/sammin-kylayhdistys-2\/jaarata-ajot\/kuva-127_3_1\/\" rel=\"attachment wp-att-192\"><img loading=\"lazy\" decoding=\"async\" class=\"alignnone size-thumbnail wp-image-192\" src=\"https:\/\/sammi.kapsi.fi\/wp-content\/uploads\/2013\/02\/Kuva-127_3_1-150x150.jpg\" alt=\"\" width=\"150\" height=\"150\" \/><\/a><\/p>\n<p><a href=\"https:\/\/sammi.kapsi.fi\/sammin-kylayhdistys-2\/jaarata-ajot\/kuva-148_3_1\/\" rel=\"attachment wp-att-193\"><img loading=\"lazy\" decoding=\"async\" class=\"alignnone size-thumbnail wp-image-193\" src=\"https:\/\/sammi.kapsi.fi\/wp-content\/uploads\/2013\/02\/Kuva-148_3_1-150x150.jpg\" alt=\"\" width=\"150\" height=\"150\" \/><\/a> <a href=\"https:\/\/sammi.kapsi.fi\/sammin-kylayhdistys-2\/jaarata-ajot\/kuva-161_3_1\/\" rel=\"attachment wp-att-194\"><img loading=\"lazy\" decoding=\"async\" class=\"alignnone size-thumbnail wp-image-194\" src=\"https:\/\/sammi.kapsi.fi\/wp-content\/uploads\/2013\/02\/Kuva-161_3_1-150x150.jpg\" alt=\"\" width=\"150\" height=\"150\" \/><\/a><\/p>\n<p><a href=\"https:\/\/sammi.kapsi.fi\/sammin-kylayhdistys-2\/jaarata-ajot\/kuva-170_3_1\/\" rel=\"attachment wp-att-195\"><img loading=\"lazy\" decoding=\"async\" class=\"alignnone size-thumbnail wp-image-195\" src=\"https:\/\/sammi.kapsi.fi\/wp-content\/uploads\/2013\/02\/Kuva-170_3_1-150x150.jpg\" alt=\"\" width=\"150\" height=\"150\" \/><\/a> <a href=\"https:\/\/sammi.kapsi.fi\/sammin-kylayhdistys-2\/jaarata-ajot\/kuva-173_3_1\/\" rel=\"attachment wp-att-196\"><img loading=\"lazy\" decoding=\"async\" class=\"alignnone size-thumbnail wp-image-196\" src=\"https:\/\/sammi.kapsi.fi\/wp-content\/uploads\/2013\/02\/Kuva-173_3_1-150x150.jpg\" alt=\"\" width=\"150\" height=\"150\" \/><\/a><\/p>\n<p>Kuvaaja Markku Ahlroos<\/p>\n<h3>Enduroajot 9.3.2013<\/h3>\n<p><a href=\"https:\/\/sammi.kapsi.fi\/sammin-kylayhdistys-2\/jaarata-ajot\/487512_10200739547032516_707889828_n\/\" rel=\"attachment wp-att-197\"><img loading=\"lazy\" decoding=\"async\" class=\"alignnone size-thumbnail wp-image-197\" src=\"https:\/\/sammi.kapsi.fi\/wp-content\/uploads\/2013\/02\/487512_10200739547032516_707889828_n-150x150.jpg\" alt=\"\" width=\"150\" height=\"150\" \/><\/a> <a href=\"https:\/\/sammi.kapsi.fi\/sammin-kylayhdistys-2\/jaarata-ajot\/577319_10200739550432601_1961592530_n\/\" rel=\"attachment wp-att-199\"><img loading=\"lazy\" decoding=\"async\" class=\"alignnone size-thumbnail wp-image-199\" src=\"https:\/\/sammi.kapsi.fi\/wp-content\/uploads\/2013\/02\/577319_10200739550432601_1961592530_n-150x150.jpg\" alt=\"\" width=\"150\" height=\"150\" \/><\/a><\/p>\n<p><a href=\"https:\/\/sammi.kapsi.fi\/sammin-kylayhdistys-2\/jaarata-ajot\/482845_10200739553952689_617718889_n\/\" rel=\"attachment wp-att-201\"><img loading=\"lazy\" decoding=\"async\" class=\"alignnone size-thumbnail wp-image-201\" src=\"https:\/\/sammi.kapsi.fi\/wp-content\/uploads\/2013\/02\/482845_10200739553952689_617718889_n-150x150.jpg\" alt=\"\" width=\"150\" height=\"150\" \/><\/a> <a href=\"https:\/\/sammi.kapsi.fi\/sammin-kylayhdistys-2\/jaarata-ajot\/1730_10200739561832886_1612424928_n\/\" rel=\"attachment wp-att-202\"><img loading=\"lazy\" decoding=\"async\" class=\"alignnone size-thumbnail wp-image-202\" src=\"https:\/\/sammi.kapsi.fi\/wp-content\/uploads\/2013\/02\/1730_10200739561832886_1612424928_n-150x150.jpg\" alt=\"\" width=\"150\" height=\"150\" \/><\/a><\/p>\n<p><a href=\"https:\/\/sammi.kapsi.fi\/sammin-kylayhdistys-2\/jaarata-ajot\/625682_10200739547832536_138234382_n\/\" rel=\"attachment wp-att-203\"><img loading=\"lazy\" decoding=\"async\" class=\"alignnone size-thumbnail wp-image-203\" src=\"https:\/\/sammi.kapsi.fi\/wp-content\/uploads\/2013\/02\/625682_10200739547832536_138234382_n-150x150.jpg\" alt=\"\" width=\"150\" height=\"150\" \/><\/a> <a href=\"https:\/\/sammi.kapsi.fi\/sammin-kylayhdistys-2\/jaarata-ajot\/734281_10200739549032566_198154016_n\/\" rel=\"attachment wp-att-204\"><img loading=\"lazy\" decoding=\"async\" class=\"alignnone size-thumbnail wp-image-204\" src=\"https:\/\/sammi.kapsi.fi\/wp-content\/uploads\/2013\/02\/734281_10200739549032566_198154016_n-150x150.jpg\" alt=\"\" width=\"150\" height=\"150\" \/><\/a><\/p>\n<p><a href=\"https:\/\/sammi.kapsi.fi\/sammin-kylayhdistys-2\/jaarata-ajot\/544237_10200739549912588_348271259_n\/\" rel=\"attachment wp-att-205\"><img loading=\"lazy\" decoding=\"async\" class=\"alignnone size-thumbnail wp-image-205\" src=\"https:\/\/sammi.kapsi.fi\/wp-content\/uploads\/2013\/02\/544237_10200739549912588_348271259_n-150x150.jpg\" alt=\"\" width=\"150\" height=\"150\" \/><\/a> <a href=\"https:\/\/sammi.kapsi.fi\/sammin-kylayhdistys-2\/jaarata-ajot\/625636_10200739553232671_1440354851_n\/\" rel=\"attachment wp-att-207\"><img loading=\"lazy\" decoding=\"async\" class=\"alignnone size-thumbnail wp-image-207\" src=\"https:\/\/sammi.kapsi.fi\/wp-content\/uploads\/2013\/02\/625636_10200739553232671_1440354851_n-150x150.jpg\" alt=\"\" width=\"150\" height=\"150\" \/><\/a><\/p>\n<p>Kuvat Susanna J\u00e4rvenp\u00e4\u00e4<\/p>\n<p><a href=\"https:\/\/sammi.kapsi.fi\/sammin-kylayhdistys-2\/jaarata-ajot\/734589_10200739588033541_403218627_n\/\" rel=\"attachment wp-att-208\"><img loading=\"lazy\" decoding=\"async\" class=\"alignnone size-thumbnail wp-image-208\" src=\"https:\/\/sammi.kapsi.fi\/wp-content\/uploads\/2013\/02\/734589_10200739588033541_403218627_n-150x150.jpg\" alt=\"\" width=\"150\" height=\"150\" \/><\/a> <a href=\"https:\/\/sammi.kapsi.fi\/sammin-kylayhdistys-2\/jaarata-ajot\/486089_10200739587993540_939199455_n\/\" rel=\"attachment wp-att-209\"><img loading=\"lazy\" decoding=\"async\" class=\"alignnone size-thumbnail wp-image-209\" src=\"https:\/\/sammi.kapsi.fi\/wp-content\/uploads\/2013\/02\/486089_10200739587993540_939199455_n-150x150.jpg\" alt=\"\" width=\"150\" height=\"150\" \/><\/a><\/p>\n<p><a href=\"https:\/\/sammi.kapsi.fi\/sammin-kylayhdistys-2\/jaarata-ajot\/296506_10200739588153544_1684772117_n\/\" rel=\"attachment wp-att-210\"><img loading=\"lazy\" decoding=\"async\" class=\"alignnone size-thumbnail wp-image-210\" src=\"https:\/\/sammi.kapsi.fi\/wp-content\/uploads\/2013\/02\/296506_10200739588153544_1684772117_n-150x150.jpg\" alt=\"\" width=\"150\" height=\"150\" \/><\/a><\/p>\n<p>Kuvat Titta J\u00f6nkk\u00e4ri<\/p>\n","protected":false},"excerpt":{"rendered":"<p>Pilkkikilpailut 21.3.2015 Nuorten sarja 1. Joel Peltom\u00e4ki 460g 2. Marja Palom\u00e4ki 360g Aikuisten sarja 1. Kalervo Kalliom\u00e4ki 1700g 2. Mauno Korpela 1400g 3. Pekka Korkiam\u00e4ki 1280g 4. Soile Salo 720g ja Seppo Kuortti 720g 5. Antti Salo 580g 6. Terho Perna 540g ja Markku Peltom\u00e4ki 540g 7. Mirja Kalliom\u00e4ki 480g ja Sami Jakobsson 480g 8. [&hellip;]<\/p>\n","protected":false},"author":1,"featured_media":0,"parent":1015,"menu_order":0,"comment_status":"open","ping_status":"closed","template":"","meta":{"footnotes":""},"class_list":["post-186","page","type-page","status-publish","hentry"],"_links":{"self":[{"href":"https:\/\/dev.halminen.net\/sammi\/wp-json\/wp\/v2\/pages\/186","targetHints":{"allow":["GET"]}}],"collection":[{"href":"https:\/\/dev.halminen.net\/sammi\/wp-json\/wp\/v2\/pages"}],"about":[{"href":"https:\/\/dev.halminen.net\/sammi\/wp-json\/wp\/v2\/types\/page"}],"author":[{"embeddable":true,"href":"https:\/\/dev.halminen.net\/sammi\/wp-json\/wp\/v2\/users\/1"}],"replies":[{"embeddable":true,"href":"https:\/\/dev.halminen.net\/sammi\/wp-json\/wp\/v2\/comments?post=186"}],"version-history":[{"count":1,"href":"https:\/\/dev.halminen.net\/sammi\/wp-json\/wp\/v2\/pages\/186\/revisions"}],"predecessor-version":[{"id":1021,"href":"https:\/\/dev.halminen.net\/sammi\/wp-json\/wp\/v2\/pages\/186\/revisions\/1021"}],"up":[{"embeddable":true,"href":"https:\/\/dev.halminen.net\/sammi\/wp-json\/wp\/v2\/pages\/1015"}],"wp:attachment":[{"href":"https:\/\/dev.halminen.net\/sammi\/wp-json\/wp\/v2\/media?parent=186"}],"curies":[{"name":"wp","href":"https:\/\/api.w.org\/{rel}","templated":true}]}}