{"id":17,"date":"2011-08-19T19:43:40","date_gmt":"2011-08-19T16:43:40","guid":{"rendered":"http:\/\/sammi.nettisivu.org\/?page_id=17"},"modified":"2025-06-05T10:57:17","modified_gmt":"2025-06-05T10:57:17","slug":"nahtavyydet","status":"publish","type":"page","link":"https:\/\/dev.halminen.net\/sammi\/nahtavyydet\/","title":{"rendered":"N\u00e4ht\u00e4vyydet"},"content":{"rendered":"\n<p>Sammin kyl\u00e4ss\u00e4 on monia luonton\u00e4ht\u00e4vyyksi\u00e4. Lavasharjun l\u00e4hteen historia liittyy\u00a0 1850- luvulla k\u00e4ytyyn Krimin sotaan ja sielt\u00e4 palaavaan sotamieheen.<br>Lis\u00e4ksi p\u00e4\u00e4tien varrella humisee ikihonka, jonka ymp\u00e4rysmitta on 3.30 m!<\/p>\n\n\n\n<figure class=\"wp-block-image size-full\"><img loading=\"lazy\" decoding=\"async\" width=\"652\" height=\"974\" src=\"https:\/\/dev.halminen.net\/sammi\/wp-content\/uploads\/2025\/06\/IsoManty.jpg\" alt=\"\" class=\"wp-image-1145\" srcset=\"https:\/\/dev.halminen.net\/sammi\/wp-content\/uploads\/2025\/06\/IsoManty.jpg 652w, https:\/\/dev.halminen.net\/sammi\/wp-content\/uploads\/2025\/06\/IsoManty-201x300.jpg 201w\" sizes=\"auto, (max-width: 652px) 100vw, 652px\" \/><\/figure>\n\n\n\n<p>Paikasta toiseen voit liikkua k\u00e4vellen, meloen, py\u00f6r\u00e4ll\u00e4 tai omalla autolla. Jos patikoidessa kuumuus yll\u00e4tt\u00e4\u00e4, kannattaa pys\u00e4hty\u00e4 hetkeksi Sammin uimarannalle. Uimaranta&nbsp; sijaitsee Lavasj\u00e4rven rannalla, p\u00e4\u00e4tien varrella.<\/p>\n\n\n\n<p>Melonnan yst\u00e4ville Samminjoki tarjoaa monipuoliset ja kauniit melontamaisemat kev\u00e4isin ja syksyisin. Melomaan voi l\u00e4hte\u00e4 vaikkapa Sammin ratsutilalta, poiketa Hirvij\u00e4rven kodalle nauttimaan luontoruokailusta ja p\u00e4\u00e4tt\u00e4\u00e4 retken Etel\u00e4p\u00e4\u00e4n matkailualueelle.<\/p>\n\n\n\n<p>Historiansa on my\u00f6s Mets\u00e4hautausmaalla, jolle on pystytetty hautakivet kahden vainajan muistolle.<\/p>\n\n\n\n<p>Hirvij\u00e4rventien varresta l\u00f6ytyy Kuparirahakivi, joka saanut nimens\u00e4 plootu-rahojen mukaan. Vuonna 1734 ly\u00f6dyt plootu-rahat oli Isonvihan aikaan k\u00e4tketty kiven koloon Lavasj\u00e4rven rannalle.<\/p>\n\n\n\n<figure class=\"wp-block-image size-full\"><img loading=\"lazy\" decoding=\"async\" width=\"800\" height=\"800\" src=\"https:\/\/dev.halminen.net\/sammi\/wp-content\/uploads\/2025\/06\/img_3363_1_1.jpg\" alt=\"\" class=\"wp-image-1146\" srcset=\"https:\/\/dev.halminen.net\/sammi\/wp-content\/uploads\/2025\/06\/img_3363_1_1.jpg 800w, https:\/\/dev.halminen.net\/sammi\/wp-content\/uploads\/2025\/06\/img_3363_1_1-300x300.jpg 300w, https:\/\/dev.halminen.net\/sammi\/wp-content\/uploads\/2025\/06\/img_3363_1_1-150x150.jpg 150w, https:\/\/dev.halminen.net\/sammi\/wp-content\/uploads\/2025\/06\/img_3363_1_1-768x768.jpg 768w\" sizes=\"auto, (max-width: 800px) 100vw, 800px\" \/><\/figure>\n\n\n\n<figure class=\"wp-block-image size-full\"><img loading=\"lazy\" decoding=\"async\" width=\"800\" height=\"533\" src=\"https:\/\/dev.halminen.net\/sammi\/wp-content\/uploads\/2025\/06\/img_3358_1_1.jpg\" alt=\"\" class=\"wp-image-1148\" srcset=\"https:\/\/dev.halminen.net\/sammi\/wp-content\/uploads\/2025\/06\/img_3358_1_1.jpg 800w, https:\/\/dev.halminen.net\/sammi\/wp-content\/uploads\/2025\/06\/img_3358_1_1-300x200.jpg 300w, https:\/\/dev.halminen.net\/sammi\/wp-content\/uploads\/2025\/06\/img_3358_1_1-768x512.jpg 768w\" sizes=\"auto, (max-width: 800px) 100vw, 800px\" \/><\/figure>\n\n\n\n<p>Tunnetuin Sammin kohteista on varmasti Sammin Ratsutila. Ratsutila palvelee alan harrastajia, mutta my\u00f6s erilaisten juhlien j\u00e4rjest\u00e4ji\u00e4. Ratsutilalla&nbsp;voi viett\u00e4\u00e4 jopa 300 hengen juhlia. Lis\u00e4ksi se tarjoaa normaalin ratsastustoiminnan ohessa hevoskyydityst\u00e4, reki- ja vankkuriretki\u00e4 sek\u00e4 savusaunan l\u00f6ylyj\u00e4!<\/p>\n","protected":false},"excerpt":{"rendered":"<p>Sammin kyl\u00e4ss\u00e4 on monia luonton\u00e4ht\u00e4vyyksi\u00e4. Lavasharjun l\u00e4hteen historia liittyy\u00a0 1850- luvulla k\u00e4ytyyn Krimin sotaan ja sielt\u00e4 palaavaan sotamieheen.Lis\u00e4ksi p\u00e4\u00e4tien varrella humisee ikihonka, jonka ymp\u00e4rysmitta on 3.30 m! Paikasta toiseen voit liikkua k\u00e4vellen, meloen, py\u00f6r\u00e4ll\u00e4 tai omalla autolla. Jos patikoidessa kuumuus yll\u00e4tt\u00e4\u00e4, kannattaa pys\u00e4hty\u00e4 hetkeksi Sammin uimarannalle. Uimaranta&nbsp; sijaitsee Lavasj\u00e4rven rannalla, p\u00e4\u00e4tien varrella. Melonnan yst\u00e4ville Samminjoki [&hellip;]<\/p>\n","protected":false},"author":1,"featured_media":0,"parent":0,"menu_order":3,"comment_status":"closed","ping_status":"closed","template":"","meta":{"footnotes":""},"class_list":["post-17","page","type-page","status-publish","hentry"],"_links":{"self":[{"href":"https:\/\/dev.halminen.net\/sammi\/wp-json\/wp\/v2\/pages\/17","targetHints":{"allow":["GET"]}}],"collection":[{"href":"https:\/\/dev.halminen.net\/sammi\/wp-json\/wp\/v2\/pages"}],"about":[{"href":"https:\/\/dev.halminen.net\/sammi\/wp-json\/wp\/v2\/types\/page"}],"author":[{"embeddable":true,"href":"https:\/\/dev.halminen.net\/sammi\/wp-json\/wp\/v2\/users\/1"}],"replies":[{"embeddable":true,"href":"https:\/\/dev.halminen.net\/sammi\/wp-json\/wp\/v2\/comments?post=17"}],"version-history":[{"count":3,"href":"https:\/\/dev.halminen.net\/sammi\/wp-json\/wp\/v2\/pages\/17\/revisions"}],"predecessor-version":[{"id":1150,"href":"https:\/\/dev.halminen.net\/sammi\/wp-json\/wp\/v2\/pages\/17\/revisions\/1150"}],"wp:attachment":[{"href":"https:\/\/dev.halminen.net\/sammi\/wp-json\/wp\/v2\/media?parent=17"}],"curies":[{"name":"wp","href":"https:\/\/api.w.org\/{rel}","templated":true}]}}