{"id":15,"date":"2011-08-31T16:50:41","date_gmt":"2011-08-31T13:50:41","guid":{"rendered":"http:\/\/sammi.nettisivu.org\/?page_id=15"},"modified":"2025-06-26T18:29:26","modified_gmt":"2025-06-26T18:29:26","slug":"harrastusmahdollisuudet","status":"publish","type":"page","link":"https:\/\/dev.halminen.net\/sammi\/harrastusmahdollisuudet\/","title":{"rendered":"Harrastusmahdollisuudet"},"content":{"rendered":"\n<p>Kyl\u00e4talon pihalta l\u00f6ytyy monitoimiareena, jossa voi talvella luistella ja kes\u00e4isin harrastaa pallopelej\u00e4. Lis\u00e4ksi pihapiiriss\u00e4 on grillikota ja lasten leikkipaikka. Kaikki ulkovarustelut ovat vapaasti kaikkien k\u00e4ytett\u00e4viss\u00e4, kunhan kyl\u00e4talolla ei n\u00e4y juhlaporukkaa \ud83d\ude42<\/p>\n\n\n\n<p>Sammin uimaranta sijaitsee Lavasj\u00e4rven rannalla, p\u00e4\u00e4tien varrella. Rannasta l\u00f6ytyy pukukoppi ja wc.<\/p>\n\n\n\n<p>Sammin entisen koulun pihalla pelataan jalkapalloa sunnuntaisin klo 18.00.<\/p>\n\n\n\n<p>Sammissa on mahdollista harrastaa liikuntaa monessa muodossa ymp\u00e4ri vuoden. Lenkkeilymaastoja riitt\u00e4\u00e4 moneen makuun ja talvisin hiihtomahdollisuudet ovat hyv\u00e4t.<\/p>\n\n\n\n<figure class=\"wp-block-image size-full\"><img loading=\"lazy\" decoding=\"async\" width=\"800\" height=\"533\" src=\"https:\/\/dev.halminen.net\/sammi\/wp-content\/uploads\/2025\/06\/IMG_3303_1.jpg\" alt=\"\" class=\"wp-image-1134\" srcset=\"https:\/\/dev.halminen.net\/sammi\/wp-content\/uploads\/2025\/06\/IMG_3303_1.jpg 800w, https:\/\/dev.halminen.net\/sammi\/wp-content\/uploads\/2025\/06\/IMG_3303_1-300x200.jpg 300w, https:\/\/dev.halminen.net\/sammi\/wp-content\/uploads\/2025\/06\/IMG_3303_1-768x512.jpg 768w\" sizes=\"auto, (max-width: 800px) 100vw, 800px\" \/><\/figure>\n\n\n\n<p>Sammissa toimii kaksi mets\u00e4stysseuraa, Lavaksen Er\u00e4miehet ja Samminmajan Mets\u00e4stysseura.<\/p>\n\n\n\n<p><a href=\"http:\/\/www.saunalahti.fi\/samminrt\/ratsastus_hevoset.html\">Sammin Ratsutila<\/a> tarjoaa hyv\u00e4t puitteet ratsastusharrastukselle ymp\u00e4ri vuoden maneesin ja tilavan ulkokent\u00e4n ansiosta.<\/p>\n\n\n\n<p>Siikaisissa olevaa tarjontaa voi katsoa <a href=\"http:\/\/www.siikainen.fi\/index.php?option=com_content&amp;view=article&amp;id=78&amp;Itemid=93\">Siikaisten liikuntatoimen sivuilta.<br><br><\/a><a href=\"https:\/\/siikaistensisu.fi\" data-type=\"link\" data-id=\"https:\/\/siikaistensisu.fi\">Siikaisten Sisun<\/a> lajivalikoimaan kuuluvat yleisurheilu, hiihto, suunnistus, lentopallo, painonnosto ja jalkapallo.<\/p>\n\n\n\n<p><a href=\"https:\/\/www.opistopalvelut.fi\/merikarvia\/index.asp\" target=\"_blank\" rel=\"noopener\">Merikarvian kansalaisopiston<\/a> kursseja on tarjolla Siikaisissa ja Merikarvialla.<\/p>\n\n\n\n<p>Kankaanp\u00e4\u00e4ss\u00e4 olevaa tarjontaa kannattaa katsoa mm. <a href=\"http:\/\/pao.lpkky.fi\/\">Pet\u00e4j\u00e4-opiston<\/a> ja <a href=\"http:\/\/www.kankaanpaa.fi\/sivistyskeskus\/html\/fi\/musiikkiopisto.html\">Kankaanp\u00e4\u00e4n musiikkiopiston sivuilta<\/a> sek\u00e4 <a href=\"http:\/\/www.kankaanpaa.fi\/sivistyskeskus\/\/html\/fi\/1186994469488173255.html\">Kankaanp\u00e4\u00e4n harrastusoppaasta<\/a>.<\/p>\n","protected":false},"excerpt":{"rendered":"<p>Kyl\u00e4talon pihalta l\u00f6ytyy monitoimiareena, jossa voi talvella luistella ja kes\u00e4isin harrastaa pallopelej\u00e4. Lis\u00e4ksi pihapiiriss\u00e4 on grillikota ja lasten leikkipaikka. Kaikki ulkovarustelut ovat vapaasti kaikkien k\u00e4ytett\u00e4viss\u00e4, kunhan kyl\u00e4talolla ei n\u00e4y juhlaporukkaa \ud83d\ude42 Sammin uimaranta sijaitsee Lavasj\u00e4rven rannalla, p\u00e4\u00e4tien varrella. Rannasta l\u00f6ytyy pukukoppi ja wc. Sammin entisen koulun pihalla pelataan jalkapalloa sunnuntaisin klo 18.00. Sammissa on mahdollista [&hellip;]<\/p>\n","protected":false},"author":1,"featured_media":0,"parent":0,"menu_order":4,"comment_status":"closed","ping_status":"closed","template":"","meta":{"footnotes":""},"class_list":["post-15","page","type-page","status-publish","hentry"],"_links":{"self":[{"href":"https:\/\/dev.halminen.net\/sammi\/wp-json\/wp\/v2\/pages\/15","targetHints":{"allow":["GET"]}}],"collection":[{"href":"https:\/\/dev.halminen.net\/sammi\/wp-json\/wp\/v2\/pages"}],"about":[{"href":"https:\/\/dev.halminen.net\/sammi\/wp-json\/wp\/v2\/types\/page"}],"author":[{"embeddable":true,"href":"https:\/\/dev.halminen.net\/sammi\/wp-json\/wp\/v2\/users\/1"}],"replies":[{"embeddable":true,"href":"https:\/\/dev.halminen.net\/sammi\/wp-json\/wp\/v2\/comments?post=15"}],"version-history":[{"count":5,"href":"https:\/\/dev.halminen.net\/sammi\/wp-json\/wp\/v2\/pages\/15\/revisions"}],"predecessor-version":[{"id":1220,"href":"https:\/\/dev.halminen.net\/sammi\/wp-json\/wp\/v2\/pages\/15\/revisions\/1220"}],"wp:attachment":[{"href":"https:\/\/dev.halminen.net\/sammi\/wp-json\/wp\/v2\/media?parent=15"}],"curies":[{"name":"wp","href":"https:\/\/api.w.org\/{rel}","templated":true}]}}