{"id":1076,"date":"2024-12-13T13:09:52","date_gmt":"2024-12-13T13:09:52","guid":{"rendered":"https:\/\/dev.halminen.net\/sammi\/?page_id=1076"},"modified":"2024-12-13T13:09:52","modified_gmt":"2024-12-13T13:09:52","slug":"miljoonan-sentin-holkan-tulosarkisto","status":"publish","type":"page","link":"https:\/\/dev.halminen.net\/sammi\/arkisto\/miljoonan-sentin-holkan-tulosarkisto\/","title":{"rendered":"Miljoonan sentin h\u00f6lk\u00e4n tulosarkisto"},"content":{"rendered":"\n<p>Tuoreimmat tulokset l\u00f6yd\u00e4t <a href=\"https:\/\/dev.halminen.net\/sammi\/sammin-kylayhdistys\/miljoonan-sentin-holkka\/\" data-type=\"page\" data-id=\"633\">tapahtuman sivulta<\/a>.<\/p>\n\n\n\n<h3 class=\"wp-block-heading\">Tulokset 13.6.2015<\/h3>\n\n\n\n<h3 class=\"wp-block-heading\">Py\u00f6r\u00e4ilij\u00e4t Naiset<\/h3>\n\n\n\n<ol class=\"wp-block-list\">\n<li>Jenna Alanko 26.30 (1. ja 2. sijoitus ratkaistiin arvalla, koska samat ajat)<\/li>\n\n\n\n<li>Tarja M\u00e4ensivu 26.30<\/li>\n\n\n\n<li>Emilia Veko 27.0<\/li>\n\n\n\n<li>Linnea L\u00e4hteenm\u00e4ki 28.35<\/li>\n\n\n\n<li>Ritva Ahola 30.23<\/li>\n\n\n\n<li>Hannamari Tuulensuu 31.10<\/li>\n\n\n\n<li>Anneli Lahtinen ja Marja-Terttu Giers 34.45<\/li>\n\n\n\n<li>Juulia Huhtasalo 39.20<\/li>\n\n\n\n<li>Oili Virtanen 40.40<\/li>\n\n\n\n<li>Raija Erkkil\u00e4 41.10<\/li>\n\n\n\n<li>Aino J\u00f6nkk\u00e4ri 42<\/li>\n\n\n\n<li>Terttu J\u00f6nkk\u00e4ri 46.30<\/li>\n<\/ol>\n\n\n\n<h3 class=\"wp-block-heading\">Py\u00f6r\u00e4ilij\u00e4t Miehet<\/h3>\n\n\n\n<ol class=\"wp-block-list\">\n<li>Jussi Alanko 21.30<\/li>\n\n\n\n<li>Seppo V\u00e4h\u00e4savo 23.40<\/li>\n\n\n\n<li>Tommi Tuulensuu 23.55<\/li>\n\n\n\n<li>Tapio Korpela 25.50<\/li>\n\n\n\n<li>Antti Kartastenp\u00e4\u00e4 26.0<\/li>\n\n\n\n<li>Ari Korpela 26.20<\/li>\n\n\n\n<li>Jokke M\u00e4ensivu ja Jorma V\u00e4h\u00e4savo 26.30<\/li>\n\n\n\n<li>Simo Korpela 28.40<\/li>\n\n\n\n<li>Maukka Ahola 31.0<\/li>\n\n\n\n<li>Lauri L\u00e4hteenm\u00e4ki 33.30<\/li>\n\n\n\n<li>Teppo Tuulensuu 39.20<\/li>\n\n\n\n<li>Markku Lampikoski 40.45<\/li>\n\n\n\n<li>Rami J\u00f6nkk\u00e4ri 42.05<\/li>\n\n\n\n<li>Aulis Hakam\u00e4ki 46.40<\/li>\n\n\n\n<li>Ville-Pekka Valli 65.30<\/li>\n<\/ol>\n\n\n\n<h3 class=\"wp-block-heading\">Juoksijat Naiset<\/h3>\n\n\n\n<ol class=\"wp-block-list\">\n<li>Sole Salviander 56.25<\/li>\n\n\n\n<li>Laura Ylikoski 59.55<\/li>\n\n\n\n<li>Satu Lindholm 61.20<\/li>\n\n\n\n<li>Tiina Isokyt\u00f6 61.27<\/li>\n\n\n\n<li>Jaana Korhola 63.45<\/li>\n\n\n\n<li>Hanna Hautam\u00e4ki 65.25<\/li>\n\n\n\n<li>Krista Borgersen 72.30<\/li>\n\n\n\n<li>Paula Pihlajaniemi 76.0<\/li>\n<\/ol>\n\n\n\n<h3 class=\"wp-block-heading\">Juoksijat Miehet<\/h3>\n\n\n\n<ol class=\"wp-block-list\">\n<li>Pasi Korpela 43.40<\/li>\n\n\n\n<li>Pasi Hiltunen 45.0<\/li>\n\n\n\n<li>Pirkka Collander 46.0<\/li>\n\n\n\n<li>Jirka Laine 46.20<\/li>\n\n\n\n<li>Ismo Alanko 47.10<\/li>\n\n\n\n<li>Benjamin Korhola 48.25<\/li>\n\n\n\n<li>Lukas Lindholm 50.30<\/li>\n\n\n\n<li>Jukka-Pekka Ahonen 54.10<\/li>\n\n\n\n<li>Jaro Ahonen 57.20<\/li>\n\n\n\n<li>Kari Karonen 59.20<\/li>\n\n\n\n<li>Kimmo Suominen 59.30<\/li>\n\n\n\n<li>Asko Hakam\u00e4ki 59.35<\/li>\n\n\n\n<li>Jouko Ylikoski 60.15<\/li>\n\n\n\n<li>Jukka Vanhatalo 60.20<\/li>\n\n\n\n<li>Matti Ylikoski 72.30<\/li>\n<\/ol>\n\n\n\n<h3 class=\"wp-block-heading\">Tulokset 14.6.2014<\/h3>\n\n\n\n<h3 class=\"wp-block-heading\"><strong>Py\u00f6r\u00e4ilij\u00e4t (naiset)<\/strong><\/h3>\n\n\n\n<ol class=\"wp-block-list\">\n<li>Jenna Alanko 34,48<\/li>\n\n\n\n<li>Helj\u00e4 K\u00e4m\u00e4r\u00e4inen 35,00<\/li>\n\n\n\n<li>Tarja Lammi 35,00<\/li>\n\n\n\n<li>Tarja M\u00e4ensivu 35,00<\/li>\n\n\n\n<li>Linnea L\u00e4hteenm\u00e4ki 35,15<\/li>\n\n\n\n<li>Susanna L\u00e4hteenm\u00e4ki 35,30<\/li>\n\n\n\n<li>Tiina Tuomola 36,37<\/li>\n\n\n\n<li>Pirjo Valli 37,45<\/li>\n\n\n\n<li>Terttu J\u00f6nkk\u00e4ri 38,49<\/li>\n\n\n\n<li>Raija Erkkil\u00e4 39,10<\/li>\n\n\n\n<li>Aino J\u00f6nkk\u00e4ri 45,07<\/li>\n<\/ol>\n\n\n\n<h3 class=\"wp-block-heading\"><strong>Py\u00f6r\u00e4ilij\u00e4t (miehet)<\/strong><\/h3>\n\n\n\n<ol class=\"wp-block-list\">\n<li>Ilkka Hovi 21,25<\/li>\n\n\n\n<li>Seppo V\u00e4h\u00e4savo 22,45<\/li>\n\n\n\n<li>Jussi Alanko 23,05<\/li>\n\n\n\n<li>Paavo Karonen 24,42<\/li>\n\n\n\n<li>Tapio Korpela 25,40<\/li>\n\n\n\n<li>Jorma V\u00e4h\u00e4savo 26,05<\/li>\n\n\n\n<li>Olli Hovi 27,52<\/li>\n\n\n\n<li>Erkka Ylikoski 28,17\/ Eero Karonen 28,17<\/li>\n\n\n\n<li>Markku Lampikoski 30,50<\/li>\n\n\n\n<li>Markku Lammi 31,20<\/li>\n\n\n\n<li>Aulis Hakam\u00e4ki 31,30<\/li>\n\n\n\n<li>Matti Lampikoski 31,35<\/li>\n\n\n\n<li>Nikolas Heikkil\u00e4 35,15\/ Veli-Pekka L\u00e4hteenm\u00e4ki 35,15<\/li>\n\n\n\n<li>Lauri L\u00e4hteenm\u00e4ki 35,30\/ Ari Korpela 35,30<\/li>\n\n\n\n<li>Jokke M\u00e4ensivu 35,50<\/li>\n\n\n\n<li>Arto Tuomola 36,33<\/li>\n\n\n\n<li>Ville-Pekka Valli 37,45<\/li>\n\n\n\n<li>Rami J\u00f6nkk\u00e4ri 45,07<\/li>\n\n\n\n<li>Toivo Korpela 53,50<\/li>\n<\/ol>\n\n\n\n<h3 class=\"wp-block-heading\"><strong>Juoksijat (naiset)<\/strong><\/h3>\n\n\n\n<ol class=\"wp-block-list\">\n<li>Tuula Vataja 48,10<\/li>\n\n\n\n<li>Siret Haidak 49,20<\/li>\n\n\n\n<li>Sole Salviander 54,47<\/li>\n\n\n\n<li>Saija Rajakallio 58,12<\/li>\n\n\n\n<li>Emilia Raittila 59,38<\/li>\n\n\n\n<li>Hanna Hautam\u00e4ki 60,25<\/li>\n\n\n\n<li>Sanne Salviander 61,50<\/li>\n\n\n\n<li>Seija Kovaluoma 63,03<\/li>\n\n\n\n<li>Riitta Vanhatalo 68,10\/ Mari Vanhatalo 68,10<\/li>\n\n\n\n<li>Kirsti Paloviita 81,39<\/li>\n<\/ol>\n\n\n\n<h3 class=\"wp-block-heading\"><strong>Juoksijat (miehet)<\/strong><\/h3>\n\n\n\n<ol class=\"wp-block-list\">\n<li>Jari Huhtala 41,35<\/li>\n\n\n\n<li>Ismo Alanko 42,33<\/li>\n\n\n\n<li>Pasi Korpela 42,54<\/li>\n\n\n\n<li>Jirka Laine 44,15<\/li>\n\n\n\n<li>Mikko Korpela 51,04<\/li>\n\n\n\n<li>Jarkko Ylikoski 51,15<\/li>\n\n\n\n<li>Lukas Lindholm 51,20<\/li>\n\n\n\n<li>Kari Karonen 53,45<\/li>\n\n\n\n<li>Jukka Vanhatalo 59,38<\/li>\n\n\n\n<li>Jouko Ylikoski 59,43<\/li>\n\n\n\n<li>Adam Lindholm 74,22<\/li>\n\n\n\n<li>Rauno Hakam\u00e4ki 81,39<\/li>\n<\/ol>\n\n\n\n<h3 class=\"wp-block-heading\">Tulokset 15.6.2013<\/h3>\n\n\n\n<h3 class=\"wp-block-heading\">Py\u00f6r\u00e4ilij\u00e4t (naiset)<\/h3>\n\n\n\n<ol class=\"wp-block-list\">\n<li>Aulikki V\u00e4h\u00e4savo 27,59<\/li>\n\n\n\n<li>Jenna Alanko 30,04<\/li>\n\n\n\n<li>Laura Kallio 36,18<\/li>\n\n\n\n<li>Merja Kallio 36,23<\/li>\n\n\n\n<li>Susanna J\u00e4rvenp\u00e4\u00e4 36,40<\/li>\n\n\n\n<li>Terttu J\u00f6nkk\u00e4ri 37,00<\/li>\n\n\n\n<li>Paula Tuulensuu 41,15<\/li>\n\n\n\n<li>Ulla Tuulensuu 43,40<\/li>\n\n\n\n<li>Arja Heikkil\u00e4 44,05<\/li>\n\n\n\n<li>Jaana Starck 44,18<\/li>\n<\/ol>\n\n\n\n<h3 class=\"wp-block-heading\">Py\u00f6r\u00e4ilij\u00e4t (miehet)<\/h3>\n\n\n\n<ol class=\"wp-block-list\">\n<li>Tommi Tuulensuu 22,12<\/li>\n\n\n\n<li>Ilkka Hovi 22,23<\/li>\n\n\n\n<li>Jussi Alanko 24,10<\/li>\n\n\n\n<li>Jarkko Ylikoski 24,38<\/li>\n\n\n\n<li>Seppo V\u00e4h\u00e4savo 25,13<\/li>\n\n\n\n<li>Pekka Tuulensuu 25,45<\/li>\n\n\n\n<li>Jorma V\u00e4h\u00e4savo 27,18<\/li>\n\n\n\n<li>Erkka Ylikoski 30,01<\/li>\n\n\n\n<li>Niilo Karonen 30,03<\/li>\n\n\n\n<li>Paavo Karonen 30,04<\/li>\n\n\n\n<li>Ville-Pekka Valli 36,45\/ Markku Lampikoski 36,45<\/li>\n\n\n\n<li>Aulis Hakam\u00e4ki 36,47<\/li>\n\n\n\n<li>Sami Starck 44,20<\/li>\n<\/ol>\n\n\n\n<h3 class=\"wp-block-heading\">Juoksijat (naiset)<\/h3>\n\n\n\n<ol class=\"wp-block-list\">\n<li>Carita S\u00f6derg\u00e5d 43,41<\/li>\n\n\n\n<li>Mervi Silvola 50,48<\/li>\n\n\n\n<li>Mirva Laakso 52,34<\/li>\n\n\n\n<li>Saija Mustaniemi 59,47<\/li>\n\n\n\n<li>Mari V\u00e4h\u00e4vihu 1.00,22<\/li>\n\n\n\n<li>Riitta Vanhatalo 1.00,39<\/li>\n\n\n\n<li>Jonna Lehtiniemi 1.00,45<\/li>\n\n\n\n<li>Liisa Ojaniitty 1.01,37<\/li>\n\n\n\n<li>Laura Ylikoski 1.01,51<\/li>\n\n\n\n<li>Sanne Salviander 1.01,52<\/li>\n\n\n\n<li>Hanna Hautam\u00e4ki 1.01,53<\/li>\n\n\n\n<li>Katja Kujansuu 1.10,43<\/li>\n\n\n\n<li>Janita Piittala 1.17,29<\/li>\n<\/ol>\n\n\n\n<h3 class=\"wp-block-heading\">Juoksijat (miehet)<\/h3>\n\n\n\n<ol class=\"wp-block-list\">\n<li>Tommi Leinonen 37,18<\/li>\n\n\n\n<li>Vesa Uusitalo 41,17<\/li>\n\n\n\n<li>Kristian M\u00e4kel\u00e4 43,45<\/li>\n\n\n\n<li>Harri Uusitalo 44,05<\/li>\n\n\n\n<li>Ismo Alanko 45,28<\/li>\n\n\n\n<li>Jirka Laine 49,37<\/li>\n\n\n\n<li>Aleksi Saarivirta 56,45<\/li>\n\n\n\n<li>Kari Karonen 57,10<\/li>\n\n\n\n<li>Jouko Ylikoski 58,51\/ Jukka Vanhatalo 58,51<\/li>\n\n\n\n<li>Antti V\u00e4h\u00e4vihu 1.00,22<\/li>\n<\/ol>\n\n\n\n<h3 class=\"wp-block-heading\">Tulokset (2010)<\/h3>\n\n\n\n<h3 class=\"wp-block-heading\">Py\u00f6r\u00e4ilij\u00e4t<\/h3>\n\n\n\n<ol class=\"wp-block-list\">\n<li>Veli-Pekka L\u00e4hteenm\u00e4ki 19:50<\/li>\n\n\n\n<li>Jorma V\u00e4h\u00e4savo 24:53<\/li>\n\n\n\n<li>Ari Korpela 25:00<\/li>\n\n\n\n<li>Markku Lampikoski 27:21<\/li>\n\n\n\n<li>Seija Alanko 27:33<\/li>\n\n\n\n<li>Pasi Korpela 27:45<\/li>\n\n\n\n<li>Jenna Alanko 27:51\/ Jussi Alanko 27:51<\/li>\n\n\n\n<li>Susanna J\u00e4rvenp\u00e4\u00e4 28:25<\/li>\n\n\n\n<li>Terttu J\u00f6nkk\u00e4ri 28:50<\/li>\n\n\n\n<li>Oili Virtanen 30:21<\/li>\n\n\n\n<li>Matti Lampikoski 30:22<\/li>\n\n\n\n<li>Simo Valli 33:26<\/li>\n\n\n\n<li>Pirjo Valli 33:26<\/li>\n<\/ol>\n\n\n\n<h3 class=\"wp-block-heading\">K\u00e4velij\u00e4t<\/h3>\n\n\n\n<ol class=\"wp-block-list\">\n<li>Keijo Silvola 118:42<\/li>\n\n\n\n<li>Tiina Isokyt\u00f6 130:20<\/li>\n\n\n\n<li>Tuija Katajisto 140:50<\/li>\n\n\n\n<li>Anne Kahri 140:55<\/li>\n\n\n\n<li>Heli Karonen 142:40<\/li>\n\n\n\n<li>Kirsi Ylikoski 142:40\/ Tarja Ylikoski 142:40<\/li>\n\n\n\n<li>Tuula Ylikoski 143:50\/ Altti Ylikoski 143:50\/ Seija Ylikraka 143:50<\/li>\n<\/ol>\n\n\n\n<p>Paula Pihlajaniemi ja Sari Heikkil\u00e4 (aikoja heilt\u00e4 ei valitettavasti ole saatavilla jostain syyst\u00e4) Pahoittelut t\u00e4st\u00e4!!<\/p>\n\n\n\n<h3 class=\"wp-block-heading\">Juoksijat, naiset<\/h3>\n\n\n\n<ol class=\"wp-block-list\">\n<li>Hannamari Haapakoski 57:19<\/li>\n\n\n\n<li>Jasmin Ahonen 100:39\/ Mari Leivo 100:39<\/li>\n\n\n\n<li>Hanna Hautam\u00e4ki 106:22<\/li>\n\n\n\n<li>Anniina Vesterbacka 107:55<\/li>\n\n\n\n<li>Satu Lindholm 109:525<\/li>\n\n\n\n<li>Anne Koivu 130:20\/ Elina Nurmoranta 130:20<\/li>\n<\/ol>\n\n\n\n<h3 class=\"wp-block-heading\">Juoksijat, miehet<\/h3>\n\n\n\n<ol class=\"wp-block-list\">\n<li>Vesa Uusitalo 38:52<\/li>\n\n\n\n<li>Jani J\u00f6nkk\u00e4ri 41:09<\/li>\n\n\n\n<li>Jukka F\u00e4rm 42:39<\/li>\n\n\n\n<li>Pasi Korpela 46:26<\/li>\n\n\n\n<li>Jarmo Lahtinen 46:45<\/li>\n\n\n\n<li>Pauli Mustonen 46:48<\/li>\n\n\n\n<li>Ismo Alanko 48:56<\/li>\n\n\n\n<li>Petteri Varmola 52:18<\/li>\n\n\n\n<li>Jukka-Pekka Ahonen 53:27\/ Jaro Ahonen 53:27<\/li>\n\n\n\n<li>Lukas Lindholm 55:58<\/li>\n\n\n\n<li>Pyry Santahuhta 56:08<\/li>\n\n\n\n<li>Tommi Tuulensuu 57:19<\/li>\n\n\n\n<li>Jarkko Ylikoski 58:47<\/li>\n\n\n\n<li>Jouko Ylikoski 100:55\/ Olli Santahuhta 100:55<\/li>\n\n\n\n<li>Seppo V\u00e4h\u00e4savo 105:54<\/li>\n\n\n\n<li>Marko Karttunen 107:58<\/li>\n\n\n\n<li>Tapio Korpela 117:00<\/li>\n\n\n\n<li>Veli-Pekka L\u00e4hteenm\u00e4ki Tuloslistasta puuttuu aika<\/li>\n<\/ol>\n","protected":false},"excerpt":{"rendered":"<p>Tuoreimmat tulokset l\u00f6yd\u00e4t tapahtuman sivulta. Tulokset 13.6.2015 Py\u00f6r\u00e4ilij\u00e4t Naiset Py\u00f6r\u00e4ilij\u00e4t Miehet Juoksijat Naiset Juoksijat Miehet Tulokset 14.6.2014 Py\u00f6r\u00e4ilij\u00e4t (naiset) Py\u00f6r\u00e4ilij\u00e4t (miehet) Juoksijat (naiset) Juoksijat (miehet) Tulokset 15.6.2013 Py\u00f6r\u00e4ilij\u00e4t (naiset) Py\u00f6r\u00e4ilij\u00e4t (miehet) Juoksijat (naiset) Juoksijat (miehet) Tulokset (2010) Py\u00f6r\u00e4ilij\u00e4t K\u00e4velij\u00e4t Paula Pihlajaniemi ja Sari Heikkil\u00e4 (aikoja heilt\u00e4 ei valitettavasti ole saatavilla jostain syyst\u00e4) Pahoittelut t\u00e4st\u00e4!! Juoksijat, [&hellip;]<\/p>\n","protected":false},"author":1,"featured_media":0,"parent":1015,"menu_order":0,"comment_status":"closed","ping_status":"closed","template":"","meta":{"footnotes":""},"class_list":["post-1076","page","type-page","status-publish","hentry"],"_links":{"self":[{"href":"https:\/\/dev.halminen.net\/sammi\/wp-json\/wp\/v2\/pages\/1076","targetHints":{"allow":["GET"]}}],"collection":[{"href":"https:\/\/dev.halminen.net\/sammi\/wp-json\/wp\/v2\/pages"}],"about":[{"href":"https:\/\/dev.halminen.net\/sammi\/wp-json\/wp\/v2\/types\/page"}],"author":[{"embeddable":true,"href":"https:\/\/dev.halminen.net\/sammi\/wp-json\/wp\/v2\/users\/1"}],"replies":[{"embeddable":true,"href":"https:\/\/dev.halminen.net\/sammi\/wp-json\/wp\/v2\/comments?post=1076"}],"version-history":[{"count":1,"href":"https:\/\/dev.halminen.net\/sammi\/wp-json\/wp\/v2\/pages\/1076\/revisions"}],"predecessor-version":[{"id":1077,"href":"https:\/\/dev.halminen.net\/sammi\/wp-json\/wp\/v2\/pages\/1076\/revisions\/1077"}],"up":[{"embeddable":true,"href":"https:\/\/dev.halminen.net\/sammi\/wp-json\/wp\/v2\/pages\/1015"}],"wp:attachment":[{"href":"https:\/\/dev.halminen.net\/sammi\/wp-json\/wp\/v2\/media?parent=1076"}],"curies":[{"name":"wp","href":"https:\/\/api.w.org\/{rel}","templated":true}]}}